{"id":5234,"date":"2023-11-19T20:21:18","date_gmt":"2023-11-19T20:21:18","guid":{"rendered":"https:\/\/panelasjr.com\/site\/?page_id=5234"},"modified":"2023-11-20T12:47:27","modified_gmt":"2023-11-20T12:47:27","slug":"comercial","status":"publish","type":"page","link":"https:\/\/panelasjr.com\/site\/comercial\/","title":{"rendered":"Comercial"},"content":{"rendered":"\t\t<div data-elementor-type=\"wp-page\" data-elementor-id=\"5234\" class=\"elementor elementor-5234\" data-elementor-settings=\"[]\">\n\t\t\t\t\t\t\t<div class=\"elementor-section-wrap\">\n\t\t\t\t\t\t\t<section class=\"elementor-section elementor-top-section elementor-element elementor-element-6ec6f9c elementor-section-boxed elementor-section-height-default elementor-section-height-default\" data-id=\"6ec6f9c\" data-element_type=\"section\">\n\t\t\t\t\t\t<div class=\"elementor-container elementor-column-gap-default\">\n\t\t\t\t\t<div class=\"elementor-column elementor-col-100 elementor-top-column elementor-element elementor-element-ae40599\" data-id=\"ae40599\" data-element_type=\"column\">\n\t\t\t<div class=\"elementor-widget-wrap\">\n\t\t\t\t\t\t\t\t\t<\/div>\n\t\t<\/div>\n\t\t\t\t\t\t\t<\/div>\n\t\t<\/section>\n\t\t\t\t<section class=\"elementor-section elementor-top-section elementor-element elementor-element-2eb60be elementor-section-boxed elementor-section-height-default elementor-section-height-default\" data-id=\"2eb60be\" data-element_type=\"section\">\n\t\t\t\t\t\t<div class=\"elementor-container elementor-column-gap-default\">\n\t\t\t\t\t<div class=\"elementor-column elementor-col-100 elementor-top-column elementor-element elementor-element-a739ebc\" data-id=\"a739ebc\" data-element_type=\"column\">\n\t\t\t<div class=\"elementor-widget-wrap elementor-element-populated\">\n\t\t\t\t\t\t\t\t<div class=\"elementor-element elementor-element-a2fbd41 elementor-widget elementor-widget-spacer\" data-id=\"a2fbd41\" data-element_type=\"widget\" data-widget_type=\"spacer.default\">\n\t\t\t\t<div class=\"elementor-widget-container\">\n\t\t\t\t\t<div class=\"elementor-spacer\">\n\t\t\t<div class=\"elementor-spacer-inner\"><\/div>\n\t\t<\/div>\n\t\t\t\t<\/div>\n\t\t\t\t<\/div>\n\t\t\t\t<section class=\"elementor-section elementor-inner-section elementor-element elementor-element-87cbb58 elementor-section-boxed elementor-section-height-default elementor-section-height-default\" data-id=\"87cbb58\" data-element_type=\"section\">\n\t\t\t\t\t\t<div class=\"elementor-container elementor-column-gap-extended\">\n\t\t\t\t\t<div class=\"elementor-column elementor-col-50 elementor-inner-column elementor-element elementor-element-4dc70d2\" data-id=\"4dc70d2\" data-element_type=\"column\">\n\t\t\t<div class=\"elementor-widget-wrap elementor-element-populated\">\n\t\t\t\t\t\t\t\t<div class=\"elementor-element elementor-element-89dbc85 align-left elementor-widget elementor-widget-mae-headings\" data-id=\"89dbc85\" data-element_type=\"widget\" data-widget_type=\"mae-headings.default\">\n\t\t\t\t<div class=\"elementor-widget-container\">\n\t\t\t\t\t<div class=\"master-heading\">\n\t        \n\t        \t        <h2 class=\"main-heading\">Comercial<\/h2>\n\t        \n\t        \t        <div class=\"divider\"><\/div>\n\t        \n\t        \t    <\/div>\n\t    \t\t<\/div>\n\t\t\t\t<\/div>\n\t\t\t\t<div class=\"elementor-element elementor-element-3229c4f elementor-widget elementor-widget-text-editor\" data-id=\"3229c4f\" data-element_type=\"widget\" data-widget_type=\"text-editor.default\">\n\t\t\t\t<div class=\"elementor-widget-container\">\n\t\t\t<style>\/*! elementor - v3.5.3 - 28-12-2021 *\/\n.elementor-widget-text-editor.elementor-drop-cap-view-stacked .elementor-drop-cap{background-color:#818a91;color:#fff}.elementor-widget-text-editor.elementor-drop-cap-view-framed .elementor-drop-cap{color:#818a91;border:3px solid;background-color:transparent}.elementor-widget-text-editor:not(.elementor-drop-cap-view-default) .elementor-drop-cap{margin-top:8px}.elementor-widget-text-editor:not(.elementor-drop-cap-view-default) .elementor-drop-cap-letter{width:1em;height:1em}.elementor-widget-text-editor .elementor-drop-cap{float:left;text-align:center;line-height:1;font-size:50px}.elementor-widget-text-editor .elementor-drop-cap-letter{display:inline-block}<\/style>\t\t\t\t<p>Na Panelas JR, acreditamos que por tr\u00e1s de produtos excepcionais est\u00e1 uma equipe dedicada e apaixonada pelo que faz. Nossa equipe comercial \u00e9 formada por profissionais especializados, prontos para entender as necessidades \u00fanicas de cada cliente. Seja voc\u00ea um empres\u00e1rio no setor supermercadista ou um chef renomado, nossa equipe est\u00e1 aqui para oferecer solu\u00e7\u00f5es personalizadas que impulsionem o seu sucesso.<\/p><p>Nosso compromisso com o atendimento ao cliente vai al\u00e9m da transa\u00e7\u00e3o comercial. Estamos empenhados em construir rela\u00e7\u00f5es s\u00f3lidas e duradouras, onde cada intera\u00e7\u00e3o reflete nosso comprometimento com a satisfa\u00e7\u00e3o do cliente. Queremos que se sinta valorizado em cada passo do processo, desde a escolha dos produtos at\u00e9 o p\u00f3s-venda.<\/p><p>A agilidade \u00e9 uma prioridade para n\u00f3s. Estamos prontos para responder \u00e0s suas perguntas, oferecer orienta\u00e7\u00f5es especializadas e garantir uma experi\u00eancia de compra fluida. Seja por telefone, e-mail ou pessoalmente, estamos sempre \u00e0 disposi\u00e7\u00e3o para tornar a sua intera\u00e7\u00e3o conosco memor\u00e1vel.<\/p><p><strong>Na Panelas JR, n\u00e3o apenas vendemos produtos de qualidade, mas constru\u00edmos conex\u00f5es duradouras.\u00a0<\/strong><\/p>\t\t\t\t\t\t<\/div>\n\t\t\t\t<\/div>\n\t\t\t\t\t<\/div>\n\t\t<\/div>\n\t\t\t\t<div class=\"elementor-column elementor-col-50 elementor-inner-column elementor-element elementor-element-6bbecb4\" data-id=\"6bbecb4\" data-element_type=\"column\">\n\t\t\t<div class=\"elementor-widget-wrap elementor-element-populated\">\n\t\t\t\t\t\t\t\t<div class=\"elementor-element elementor-element-444e33e elementor-widget elementor-widget-image\" data-id=\"444e33e\" data-element_type=\"widget\" data-widget_type=\"image.default\">\n\t\t\t\t<div class=\"elementor-widget-container\">\n\t\t\t<style>\/*! elementor - v3.5.3 - 28-12-2021 *\/\n.elementor-widget-image{text-align:center}.elementor-widget-image a{display:inline-block}.elementor-widget-image a img[src$=\".svg\"]{width:48px}.elementor-widget-image img{vertical-align:middle;display:inline-block}<\/style>\t\t\t\t\t\t\t\t\t\t\t\t<img loading=\"lazy\" decoding=\"async\" width=\"1500\" height=\"2195\" src=\"https:\/\/panelasjr.com\/site\/wp-content\/uploads\/2023\/11\/negotiations-office-smiling-businesswoman-talks-with-colleagues.jpg\" class=\"attachment-full size-full\" alt=\"\" srcset=\"https:\/\/panelasjr.com\/site\/wp-content\/uploads\/2023\/11\/negotiations-office-smiling-businesswoman-talks-with-colleagues.jpg 1500w, https:\/\/panelasjr.com\/site\/wp-content\/uploads\/2023\/11\/negotiations-office-smiling-businesswoman-talks-with-colleagues-205x300.jpg 205w, https:\/\/panelasjr.com\/site\/wp-content\/uploads\/2023\/11\/negotiations-office-smiling-businesswoman-talks-with-colleagues-700x1024.jpg 700w, https:\/\/panelasjr.com\/site\/wp-content\/uploads\/2023\/11\/negotiations-office-smiling-businesswoman-talks-with-colleagues-768x1124.jpg 768w, https:\/\/panelasjr.com\/site\/wp-content\/uploads\/2023\/11\/negotiations-office-smiling-businesswoman-talks-with-colleagues-1050x1536.jpg 1050w, https:\/\/panelasjr.com\/site\/wp-content\/uploads\/2023\/11\/negotiations-office-smiling-businesswoman-talks-with-colleagues-1400x2048.jpg 1400w\" sizes=\"auto, (max-width: 1500px) 100vw, 1500px\" \/>\t\t\t\t\t\t\t\t\t\t\t\t\t\t\t<\/div>\n\t\t\t\t<\/div>\n\t\t\t\t\t<\/div>\n\t\t<\/div>\n\t\t\t\t\t\t\t<\/div>\n\t\t<\/section>\n\t\t\t\t<div class=\"elementor-element elementor-element-59d5f2a elementor-widget elementor-widget-spacer\" data-id=\"59d5f2a\" data-element_type=\"widget\" data-widget_type=\"spacer.default\">\n\t\t\t\t<div class=\"elementor-widget-container\">\n\t\t\t\t\t<div class=\"elementor-spacer\">\n\t\t\t<div class=\"elementor-spacer-inner\"><\/div>\n\t\t<\/div>\n\t\t\t\t<\/div>\n\t\t\t\t<\/div>\n\t\t\t\t\t<\/div>\n\t\t<\/div>\n\t\t\t\t\t\t\t<\/div>\n\t\t<\/section>\n\t\t\t\t<section class=\"elementor-section elementor-top-section elementor-element elementor-element-3163b13 elementor-section-boxed elementor-section-height-default elementor-section-height-default\" data-id=\"3163b13\" data-element_type=\"section\">\n\t\t\t\t\t\t<div class=\"elementor-container elementor-column-gap-default\">\n\t\t\t\t\t<div class=\"elementor-column elementor-col-100 elementor-top-column elementor-element elementor-element-052ba49\" data-id=\"052ba49\" data-element_type=\"column\">\n\t\t\t<div class=\"elementor-widget-wrap elementor-element-populated\">\n\t\t\t\t\t\t\t\t<div class=\"elementor-element elementor-element-3693728 elementor-widget elementor-widget-heading\" data-id=\"3693728\" data-element_type=\"widget\" data-widget_type=\"heading.default\">\n\t\t\t\t<div class=\"elementor-widget-container\">\n\t\t\t<style>\/*! elementor - v3.5.3 - 28-12-2021 *\/\n.elementor-heading-title{padding:0;margin:0;line-height:1}.elementor-widget-heading .elementor-heading-title[class*=elementor-size-]>a{color:inherit;font-size:inherit;line-height:inherit}.elementor-widget-heading .elementor-heading-title.elementor-size-small{font-size:15px}.elementor-widget-heading .elementor-heading-title.elementor-size-medium{font-size:19px}.elementor-widget-heading .elementor-heading-title.elementor-size-large{font-size:29px}.elementor-widget-heading .elementor-heading-title.elementor-size-xl{font-size:39px}.elementor-widget-heading .elementor-heading-title.elementor-size-xxl{font-size:59px}<\/style><p class=\"elementor-heading-title elementor-size-default\"><a href=\"https:\/\/panelasjr.com\/site\/\">\u23ce VOLTAR<\/a><\/p>\t\t<\/div>\n\t\t\t\t<\/div>\n\t\t\t\t\t<\/div>\n\t\t<\/div>\n\t\t\t\t\t\t\t<\/div>\n\t\t<\/section>\n\t\t\t\t<section class=\"elementor-section elementor-top-section elementor-element elementor-element-318b74f elementor-section-boxed elementor-section-height-default elementor-section-height-default\" data-id=\"318b74f\" data-element_type=\"section\">\n\t\t\t\t\t\t<div class=\"elementor-container elementor-column-gap-default\">\n\t\t\t\t\t<div class=\"elementor-column elementor-col-100 elementor-top-column elementor-element elementor-element-50f5590\" data-id=\"50f5590\" data-element_type=\"column\">\n\t\t\t<div class=\"elementor-widget-wrap elementor-element-populated\">\n\t\t\t\t\t\t\t\t<div class=\"elementor-element elementor-element-4b4f165 elementor-widget elementor-widget-spacer\" data-id=\"4b4f165\" data-element_type=\"widget\" data-widget_type=\"spacer.default\">\n\t\t\t\t<div class=\"elementor-widget-container\">\n\t\t\t\t\t<div class=\"elementor-spacer\">\n\t\t\t<div class=\"elementor-spacer-inner\"><\/div>\n\t\t<\/div>\n\t\t\t\t<\/div>\n\t\t\t\t<\/div>\n\t\t\t\t\t<\/div>\n\t\t<\/div>\n\t\t\t\t\t\t\t<\/div>\n\t\t<\/section>\n\t\t\t\t\t\t<\/div>\n\t\t\t\t\t<\/div>\n\t\t","protected":false},"excerpt":{"rendered":"<p>Comercial Na Panelas JR, acreditamos que por tr\u00e1s de produtos excepcionais est\u00e1 uma equipe dedicada e apaixonada pelo que faz. Nossa equipe comercial \u00e9 formada por profissionais especializados, prontos para entender as necessidades \u00fanicas de cada cliente. Seja voc\u00ea um empres\u00e1rio no setor supermercadista ou um chef<\/p>\n","protected":false},"author":1,"featured_media":0,"parent":0,"menu_order":0,"comment_status":"closed","ping_status":"closed","template":"","meta":{"footnotes":""},"class_list":["post-5234","page","type-page","status-publish","hentry"],"_links":{"self":[{"href":"https:\/\/panelasjr.com\/site\/wp-json\/wp\/v2\/pages\/5234","targetHints":{"allow":["GET"]}}],"collection":[{"href":"https:\/\/panelasjr.com\/site\/wp-json\/wp\/v2\/pages"}],"about":[{"href":"https:\/\/panelasjr.com\/site\/wp-json\/wp\/v2\/types\/page"}],"author":[{"embeddable":true,"href":"https:\/\/panelasjr.com\/site\/wp-json\/wp\/v2\/users\/1"}],"replies":[{"embeddable":true,"href":"https:\/\/panelasjr.com\/site\/wp-json\/wp\/v2\/comments?post=5234"}],"version-history":[{"count":13,"href":"https:\/\/panelasjr.com\/site\/wp-json\/wp\/v2\/pages\/5234\/revisions"}],"predecessor-version":[{"id":5477,"href":"https:\/\/panelasjr.com\/site\/wp-json\/wp\/v2\/pages\/5234\/revisions\/5477"}],"wp:attachment":[{"href":"https:\/\/panelasjr.com\/site\/wp-json\/wp\/v2\/media?parent=5234"}],"curies":[{"name":"wp","href":"https:\/\/api.w.org\/{rel}","templated":true}]}}